{"id":376,"date":"2022-03-03T19:17:10","date_gmt":"2022-03-03T19:17:10","guid":{"rendered":"http:\/\/www.walkersks.com\/?page_id=376"},"modified":"2022-03-03T19:35:34","modified_gmt":"2022-03-03T19:35:34","slug":"ballina","status":"publish","type":"page","link":"http:\/\/www.walkersks.com\/","title":{"rendered":"Ballina"},"content":{"rendered":"\n<style type=\"text\/css\" data-created_by=\"avia_inline_auto\" id=\"style-css-av-l0bbuln7-69162107e924d211a4e9f45895e9d368\">\n.avia-section.av-l0bbuln7-69162107e924d211a4e9f45895e9d368{\nbackground-repeat:no-repeat;\nbackground-image:url(http:\/\/www.walkersks.com\/wp-content\/uploads\/2022\/03\/DSC02429-300x200.jpg);\nbackground-position:50% 50%;\nbackground-attachment:scroll;\n}\n.avia-section.av-l0bbuln7-69162107e924d211a4e9f45895e9d368 .av-section-color-overlay{\nopacity:0.5;\nbackground-color:#000000;\n}\n<\/style>\n<div id='av_section_1'  class='avia-section av-l0bbuln7-69162107e924d211a4e9f45895e9d368 main_color avia-section-default avia-no-border-styling  avia-builder-el-0  el_before_av_section  avia-builder-el-first  avia-full-stretch avia-bg-style-scroll av-section-color-overlay-active  av-minimum-height av-minimum-height-custom  container_wrap fullsize'  data-section-bg-repeat='stretch'><div class='av-section-color-overlay-wrap'><div class=\"av-section-color-overlay\"><\/div><div class='container av-section-cont-open' style='height:500px'><main  role=\"main\" itemprop=\"mainContentOfPage\"  class='template-page content  av-content-full alpha units'><div class='post-entry post-entry-type-page post-entry-376'><div class='entry-content-wrapper clearfix'>\n\n<style type=\"text\/css\" data-created_by=\"avia_inline_auto\" id=\"style-css-av-l0bc2crl-e82fa9ff257e9e5cf3f4664f3c1b1825\">\n#top .av-special-heading.av-l0bc2crl-e82fa9ff257e9e5cf3f4664f3c1b1825{\npadding-bottom:10px;\ncolor:#ffffff;\n}\n.av-special-heading.av-l0bc2crl-e82fa9ff257e9e5cf3f4664f3c1b1825 .special-heading-inner-border{\nborder-color:#ffffff;\n}\n.av-special-heading.av-l0bc2crl-e82fa9ff257e9e5cf3f4664f3c1b1825 .av-subheading{\nfont-size:15px;\ncolor:#ffffff;\n}\n<\/style>\n<div  class='av-special-heading av-l0bc2crl-e82fa9ff257e9e5cf3f4664f3c1b1825 av-special-heading-h1 custom-color-heading blockquote modern-quote  avia-builder-el-1  avia-builder-el-no-sibling  av-thin-font '><h1 class='av-special-heading-tag '  itemprop=\"headline\"  >Miresevini n\u00eb <strong>Walker\u2019s<\/strong><\/h1><div class='av_custom_color av-subheading av-subheading_below '><p>Me pika n\u00eb Prishtin\u00eb (Albi Mall), Fush\u00eb Kosov\u00eb, Prizren (Abi \u00c7arshia) \u00ebsht\u00eb restauranti me llojllojshm\u00ebri t\u00eb ushqimeve dhe kualitet t\u00eb garantuar<\/p>\n<\/div><div class='special-heading-border'><div class='special-heading-inner-border'><\/div><\/div><\/div>\n<\/div><\/div><\/main><!-- close content main element --><\/div><\/div><\/div>\n<style type=\"text\/css\" data-created_by=\"avia_inline_auto\" id=\"style-css-av-l0bcemgp-fad33c27c27b2e7a2a510fbf8a738aeb\">\n.avia-section.av-l0bcemgp-fad33c27c27b2e7a2a510fbf8a738aeb{\nbackground-repeat:no-repeat;\nbackground-image:url(http:\/\/www.walkersks.com\/wp-content\/uploads\/2022\/03\/DSC02426.jpg);\nbackground-position:100% 100%;\nbackground-attachment:scroll;\n}\n.avia-section.av-l0bcemgp-fad33c27c27b2e7a2a510fbf8a738aeb .av-section-color-overlay{\nopacity:0.9;\nbackground-color:#ffffff;\n}\n<\/style>\n<div id='av_section_2'  class='avia-section av-l0bcemgp-fad33c27c27b2e7a2a510fbf8a738aeb main_color avia-section-default avia-no-border-styling  avia-builder-el-2  el_after_av_section  el_before_av_section  avia-bg-style-scroll av-section-color-overlay-active  container_wrap fullsize'  data-section-bg-repeat='no-repeat'><div class='av-section-color-overlay-wrap'><div class=\"av-section-color-overlay\"><\/div><div class='container av-section-cont-open' ><div class='template-page content  av-content-full alpha units'><div class='post-entry post-entry-type-page post-entry-376'><div class='entry-content-wrapper clearfix'>\n<div class='flex_column av-av_two_third-d846867a37b468541bc8830743d44203 av_two_third  avia-builder-el-3  el_before_av_one_third  avia-builder-el-first  first flex_column_div '   ><div   data-size='magazine'  data-lightbox_size='large'  data-animation='fade'  data-conditional_play=''  data-ids='387,388,389'  data-video_counter='0'  data-autoplay='true'  data-bg_slider='false'  data-slide_height=''  data-handle='av_slideshow'  data-interval='3'  data-class=' avia-builder-el-4  avia-builder-el-no-sibling  '  data-el_id=''  data-css_id=''  data-scroll_down=''  data-control_layout='av-control-default'  data-custom_markup=''  data-perma_caption=''  data-autoplay_stopper=''  data-image_attachment=''  data-min_height='0px'  data-lazy_loading='disabled'  data-default-height='52.816901408451'  class='avia-slideshow avia-slideshow-1  av-control-default av-default-height-applied avia-slideshow-magazine av_slideshow  avia-builder-el-4  avia-builder-el-no-sibling   avia-fade-slider '  itemprop=\"image\" itemscope=\"itemscope\" itemtype=\"https:\/\/schema.org\/ImageObject\" ><ul class='avia-slideshow-inner ' style='padding-bottom: 52.816901408451%;' ><li  class=' slide-1 ' ><div data-rel='slideshow-1' class='avia-slide-wrap '   ><img decoding=\"async\" class=\"wp-image-387 avia-img-lazy-loading-not-387\"  src=\"http:\/\/www.walkersks.com\/wp-content\/uploads\/2022\/03\/DSC02380-710x375.jpg\" width=\"710\" height=\"375\" title='DSC02380' alt=''  itemprop=\"thumbnailUrl\"   \/><\/div><\/li><li  class=' slide-2 ' ><div data-rel='slideshow-1' class='avia-slide-wrap '   ><img decoding=\"async\" class=\"wp-image-388 avia-img-lazy-loading-not-388\"  src=\"http:\/\/www.walkersks.com\/wp-content\/uploads\/2022\/03\/DSC07417-710x375.jpg\" width=\"710\" height=\"375\" title='DSC07417' alt=''  itemprop=\"thumbnailUrl\"   \/><\/div><\/li><li  class=' slide-3 ' ><div data-rel='slideshow-1' class='avia-slide-wrap '   ><img decoding=\"async\" class=\"wp-image-389 avia-img-lazy-loading-not-389\"  src=\"http:\/\/www.walkersks.com\/wp-content\/uploads\/2022\/03\/DSC07441-710x375.jpg\" width=\"710\" height=\"375\" title='DSC07441' alt=''  itemprop=\"thumbnailUrl\"   \/><\/div><\/li><\/ul><div class='avia-slideshow-arrows avia-slideshow-controls' ><a href='#prev' class='prev-slide ' aria-hidden='true' data-av_icon='\ue87c' data-av_iconfont='entypo-fontello' aria-hidden='true' tabindex='-1'>Previous<\/a><a href='#next' class='next-slide ' aria-hidden='true' data-av_icon='\ue87d' data-av_iconfont='entypo-fontello' aria-hidden='true' tabindex='-1'>Next<\/a><\/div><div class='avia-slideshow-dots avia-slideshow-controls'><a href='#1' class='goto-slide active' >1<\/a><a href='#2' class='goto-slide ' >2<\/a><a href='#3' class='goto-slide ' >3<\/a><\/div><\/div><\/div><div class='flex_column av-av_one_third-337486787960716147ecfb4074cb91c6 av_one_third  avia-builder-el-5  el_after_av_two_third  el_before_av_one_third  flex_column_div '   ><style type=\"text\/css\" data-created_by=\"avia_inline_auto\" id=\"style-css-av-l0bco6z3-bb5d58f19b3bfd68392da487f4f33ea5\">\n#top .av-special-heading.av-l0bco6z3-bb5d58f19b3bfd68392da487f4f33ea5{\npadding-bottom:10px;\n}\n.av-special-heading.av-l0bco6z3-bb5d58f19b3bfd68392da487f4f33ea5 .av-subheading{\nfont-size:15px;\n}\n<\/style>\n<div  class='av-special-heading av-l0bco6z3-bb5d58f19b3bfd68392da487f4f33ea5 av-special-heading-h2 blockquote classic-quote classic-quote-left  avia-builder-el-6  avia-builder-el-no-sibling  '><h2 class='av-special-heading-tag '  itemprop=\"headline\"  >Shum\u00ebllojshm\u00ebri <span class='special_amp'>&amp;<\/span> kualitet<\/h2><div class='av-subheading av-subheading_below '><p>Shpresojm\u00eb t\u00eb ju shohim s\u00eb shpejti<\/p>\n<\/div><div class='special-heading-border'><div class='special-heading-inner-border'><\/div><\/div><\/div><\/div><div class='flex_column av-av_one_third-d846867a37b468541bc8830743d44203 av_one_third  avia-builder-el-7  el_after_av_one_third  el_before_av_one_third  first flex_column_div column-top-margin'   ><style type=\"text\/css\" data-created_by=\"avia_inline_auto\" id=\"style-css-av-l0bcshzs-1abeff073f6618f2bff694d69086fa4f\">\n.avia-image-container.av-l0bcshzs-1abeff073f6618f2bff694d69086fa4f .av-caption-image-overlay-bg{\nopacity:0.4;\nbackground-color:#0a0000;\n}\n.avia-image-container.av-l0bcshzs-1abeff073f6618f2bff694d69086fa4f .av-image-caption-overlay-center{\ncolor:#ffffff;\nfont-size:19px;\n}\n<\/style>\n<div  class='avia-image-container av-l0bcshzs-1abeff073f6618f2bff694d69086fa4f av-styling- avia-align-center  avia-builder-el-8  avia-builder-el-no-sibling  noHover av-overlay-on-hover '  itemprop=\"image\" itemscope=\"itemscope\" itemtype=\"https:\/\/schema.org\/ImageObject\" ><div class=\"avia-image-container-inner\"><div class=\"avia-image-overlay-wrap\"><div class='av-image-caption-overlay'><div class='av-caption-image-overlay-bg'><\/div><div class='av-image-caption-overlay-position'><div class='av-image-caption-overlay-center'><p>Shiqo menu-n\u00eb<\/p>\n<\/div><\/div><\/div><img decoding=\"async\" class='wp-image-393 avia-img-lazy-loading-not-393 avia_image' src=\"http:\/\/www.walkersks.com\/wp-content\/uploads\/2022\/03\/DSC02436-300x200.jpg\" alt='' title='DSC02436'  height=\"200\" width=\"300\"  itemprop=\"thumbnailUrl\" srcset=\"http:\/\/www.walkersks.com\/wp-content\/uploads\/2022\/03\/DSC02436-300x200.jpg 300w, http:\/\/www.walkersks.com\/wp-content\/uploads\/2022\/03\/DSC02436-1024x683.jpg 1024w, http:\/\/www.walkersks.com\/wp-content\/uploads\/2022\/03\/DSC02436-768x512.jpg 768w, http:\/\/www.walkersks.com\/wp-content\/uploads\/2022\/03\/DSC02436-1536x1024.jpg 1536w, http:\/\/www.walkersks.com\/wp-content\/uploads\/2022\/03\/DSC02436-1500x1000.jpg 1500w, http:\/\/www.walkersks.com\/wp-content\/uploads\/2022\/03\/DSC02436-705x470.jpg 705w, http:\/\/www.walkersks.com\/wp-content\/uploads\/2022\/03\/DSC02436.jpg 1620w\" sizes=\"(max-width: 300px) 100vw, 300px\" \/><\/div><\/div><\/div><\/div><div class='flex_column av-av_one_third-337486787960716147ecfb4074cb91c6 av_one_third  avia-builder-el-9  el_after_av_one_third  avia-builder-el-last  flex_column_div column-top-margin'   ><style type=\"text\/css\" data-created_by=\"avia_inline_auto\" id=\"style-css-av-l0bcthe7-cc516325ae0c1fcb62aae91b6c5962e6\">\n.avia-image-container.av-l0bcthe7-cc516325ae0c1fcb62aae91b6c5962e6 .av-caption-image-overlay-bg{\nopacity:0.4;\nbackground-color:#0a0000;\n}\n.avia-image-container.av-l0bcthe7-cc516325ae0c1fcb62aae91b6c5962e6 .av-image-caption-overlay-center{\ncolor:#ffffff;\nfont-size:19px;\n}\n<\/style>\n<div  class='avia-image-container av-l0bcthe7-cc516325ae0c1fcb62aae91b6c5962e6 av-styling- avia-align-center  avia-builder-el-10  avia-builder-el-no-sibling  noHover av-overlay-on-hover '  itemprop=\"image\" itemscope=\"itemscope\" itemtype=\"https:\/\/schema.org\/ImageObject\" ><div class=\"avia-image-container-inner\"><div class=\"avia-image-overlay-wrap\"><div class='av-image-caption-overlay'><div class='av-caption-image-overlay-bg'><\/div><div class='av-image-caption-overlay-position'><div class='av-image-caption-overlay-center'><p>Shiqo menu-n\u00eb<\/p>\n<\/div><\/div><\/div><img decoding=\"async\" class='wp-image-394 avia-img-lazy-loading-not-394 avia_image' src=\"http:\/\/www.walkersks.com\/wp-content\/uploads\/2022\/03\/DSC02406-300x200.jpg\" alt='' title='DSC02406'  height=\"200\" width=\"300\"  itemprop=\"thumbnailUrl\" srcset=\"http:\/\/www.walkersks.com\/wp-content\/uploads\/2022\/03\/DSC02406-300x200.jpg 300w, http:\/\/www.walkersks.com\/wp-content\/uploads\/2022\/03\/DSC02406-1024x683.jpg 1024w, http:\/\/www.walkersks.com\/wp-content\/uploads\/2022\/03\/DSC02406-768x512.jpg 768w, http:\/\/www.walkersks.com\/wp-content\/uploads\/2022\/03\/DSC02406-1536x1024.jpg 1536w, http:\/\/www.walkersks.com\/wp-content\/uploads\/2022\/03\/DSC02406-1500x1000.jpg 1500w, http:\/\/www.walkersks.com\/wp-content\/uploads\/2022\/03\/DSC02406-705x470.jpg 705w, http:\/\/www.walkersks.com\/wp-content\/uploads\/2022\/03\/DSC02406.jpg 1620w\" sizes=\"(max-width: 300px) 100vw, 300px\" \/><\/div><\/div><\/div><\/div><\/div><\/div><\/div><!-- close content main div --><\/div><\/div><\/div>\n<style type=\"text\/css\" data-created_by=\"avia_inline_auto\" id=\"style-css-av-l0bcwn1l-e94efe5eb7ba6c183a89914c5bafdc1d\">\n.avia-section.av-l0bcwn1l-e94efe5eb7ba6c183a89914c5bafdc1d{\nbackground-repeat:no-repeat;\nbackground-image:url(http:\/\/www.walkersks.com\/wp-content\/uploads\/2022\/03\/Catering.jpg);\nbackground-position:50% 50%;\nbackground-attachment:scroll;\n}\n.avia-section.av-l0bcwn1l-e94efe5eb7ba6c183a89914c5bafdc1d .av-section-color-overlay{\nopacity:0.8;\nbackground-color:#0a0000;\n}\n<\/style>\n<div id='av_section_3'  class='avia-section av-l0bcwn1l-e94efe5eb7ba6c183a89914c5bafdc1d main_color avia-section-default avia-no-border-styling  avia-builder-el-11  el_after_av_section  el_before_av_section  avia-full-stretch avia-bg-style-scroll av-section-color-overlay-active  container_wrap fullsize'  data-section-bg-repeat='stretch'><div class='av-section-color-overlay-wrap'><div class=\"av-section-color-overlay\"><\/div><div class='container av-section-cont-open' ><div class='template-page content  av-content-full alpha units'><div class='post-entry post-entry-type-page post-entry-376'><div class='entry-content-wrapper clearfix'>\n<div  class='hr av-l0bcz62d-853c3e89d72d5b8b3e0ae723538b1403 hr-default  avia-builder-el-12  el_before_av_heading  avia-builder-el-first  '><span class='hr-inner '><span class=\"hr-inner-style\"><\/span><\/span><\/div>\n\n<style type=\"text\/css\" data-created_by=\"avia_inline_auto\" id=\"style-css-av-l0bd2ucn-b660619be3c91d91d845904159bf86e3\">\n#top .av-special-heading.av-l0bd2ucn-b660619be3c91d91d845904159bf86e3{\npadding-bottom:10px;\ncolor:#ffffff;\n}\n.av-special-heading.av-l0bd2ucn-b660619be3c91d91d845904159bf86e3 .special-heading-inner-border{\nborder-color:#ffffff;\n}\n.av-special-heading.av-l0bd2ucn-b660619be3c91d91d845904159bf86e3 .av-subheading{\nfont-size:18px;\ncolor:#ffffff;\n}\n<\/style>\n<div  class='av-special-heading av-l0bd2ucn-b660619be3c91d91d845904159bf86e3 av-special-heading-h1 custom-color-heading blockquote modern-quote  avia-builder-el-13  el_after_av_hr  avia-builder-el-last  av-thin-font '><h1 class='av-special-heading-tag '  itemprop=\"headline\"  ><strong>Catering<\/strong><\/h1><div class='av_custom_color av-subheading av-subheading_below '><p>Me nj\u00eb telefonat\u00eb kryje krejt nejen<\/p>\n<\/div><div class='special-heading-border'><div class='special-heading-inner-border'><\/div><\/div><\/div>\n<\/div><\/div><\/div><!-- close content main div --><\/div><\/div><\/div><div id='av_section_4'  class='avia-section av-l0bday95-00f01bac0401f56603d8ec20427fb159 main_color avia-section-large avia-no-border-styling  avia-builder-el-14  el_after_av_section  avia-builder-el-last  avia-bg-style-scroll  container_wrap fullsize'  ><div class='container av-section-cont-open' ><div class='template-page content  av-content-full alpha units'><div class='post-entry post-entry-type-page post-entry-376'><div class='entry-content-wrapper clearfix'>\n<div class='flex_column av-av_one_third-d846867a37b468541bc8830743d44203 av_one_third  avia-builder-el-15  el_before_av_one_third  avia-builder-el-first  first flex_column_div '   ><style type=\"text\/css\" data-created_by=\"avia_inline_auto\" id=\"style-css-av-l0bd8g7y-9b50dab2f9463bb46b900f7be4994a1e\">\n.iconbox.av-l0bd8g7y-9b50dab2f9463bb46b900f7be4994a1e .iconbox_icon{\nbackground-color:#000000;\n}\n<\/style>\n<article  class=\"iconbox iconbox_top av-l0bd8g7y-9b50dab2f9463bb46b900f7be4994a1e  avia-builder-el-16  avia-builder-el-no-sibling  main_color \"  itemscope=\"itemscope\" itemtype=\"https:\/\/schema.org\/CreativeWork\" ><div class=\"iconbox_content\"><header class=\"entry-content-header\"><div class=\"iconbox_icon heading-color\" aria-hidden='true' data-av_icon='\ue808' data-av_iconfont='entypo-fontello'><\/div><h3 class='iconbox_content_title  '  itemprop=\"headline\" >Catering<\/h3><\/header><div class='iconbox_content_container  '  itemprop=\"text\" ><p>Var\u00ebsisht nga nevojat e juaja<\/p>\n<\/div><\/div><footer class=\"entry-footer\"><\/footer><\/article><\/div><div class='flex_column av-av_one_third-337486787960716147ecfb4074cb91c6 av_one_third  avia-builder-el-17  el_after_av_one_third  el_before_av_one_third  flex_column_div '   ><style type=\"text\/css\" data-created_by=\"avia_inline_auto\" id=\"style-css-av-l0bd8y95-23d5b71d3ec1d34bda0afd722c8c3332\">\n.iconbox.av-l0bd8y95-23d5b71d3ec1d34bda0afd722c8c3332 .iconbox_icon{\nbackground-color:#000000;\n}\n<\/style>\n<article  class=\"iconbox iconbox_top av-l0bd8y95-23d5b71d3ec1d34bda0afd722c8c3332  avia-builder-el-18  avia-builder-el-no-sibling  main_color \"  itemscope=\"itemscope\" itemtype=\"https:\/\/schema.org\/CreativeWork\" ><div class=\"iconbox_content\"><header class=\"entry-content-header\"><div class=\"iconbox_icon heading-color\" aria-hidden='true' data-av_icon='\ue808' data-av_iconfont='entypo-fontello'><\/div><h3 class='iconbox_content_title  '  itemprop=\"headline\" >Delivery<\/h3><\/header><div class='iconbox_content_container  '  itemprop=\"text\" ><p>Ku do q\u00eb jeni, \u00e7ka do q\u00eb doni<\/p>\n<\/div><\/div><footer class=\"entry-footer\"><\/footer><\/article><\/div><div class='flex_column av-av_one_third-337486787960716147ecfb4074cb91c6 av_one_third  avia-builder-el-19  el_after_av_one_third  avia-builder-el-last  flex_column_div '   ><style type=\"text\/css\" data-created_by=\"avia_inline_auto\" id=\"style-css-av-l0bd9cic-a06ca082bf990423b236d33daa23143f\">\n.iconbox.av-l0bd9cic-a06ca082bf990423b236d33daa23143f .iconbox_icon{\nbackground-color:#000000;\n}\n<\/style>\n<article  class=\"iconbox iconbox_top av-l0bd9cic-a06ca082bf990423b236d33daa23143f  avia-builder-el-20  avia-builder-el-no-sibling  main_color \"  itemscope=\"itemscope\" itemtype=\"https:\/\/schema.org\/CreativeWork\" ><div class=\"iconbox_content\"><header class=\"entry-content-header\"><div class=\"iconbox_icon heading-color\" aria-hidden='true' data-av_icon='\ue808' data-av_iconfont='entypo-fontello'><\/div><h3 class='iconbox_content_title  '  itemprop=\"headline\" >Rezervime<\/h3><\/header><div class='iconbox_content_container  '  itemprop=\"text\" ><p>P\u00ebr nejat e juaja<\/p>\n<\/div><\/div><footer class=\"entry-footer\"><\/footer><\/article><\/div><\/p>\n","protected":false},"excerpt":{"rendered":"","protected":false},"author":1,"featured_media":0,"parent":0,"menu_order":0,"comment_status":"closed","ping_status":"closed","template":"","meta":{"footnotes":""},"class_list":["post-376","page","type-page","status-publish","hentry"],"_links":{"self":[{"href":"http:\/\/www.walkersks.com\/index.php?rest_route=\/wp\/v2\/pages\/376","targetHints":{"allow":["GET"]}}],"collection":[{"href":"http:\/\/www.walkersks.com\/index.php?rest_route=\/wp\/v2\/pages"}],"about":[{"href":"http:\/\/www.walkersks.com\/index.php?rest_route=\/wp\/v2\/types\/page"}],"author":[{"embeddable":true,"href":"http:\/\/www.walkersks.com\/index.php?rest_route=\/wp\/v2\/users\/1"}],"replies":[{"embeddable":true,"href":"http:\/\/www.walkersks.com\/index.php?rest_route=%2Fwp%2Fv2%2Fcomments&post=376"}],"version-history":[{"count":10,"href":"http:\/\/www.walkersks.com\/index.php?rest_route=\/wp\/v2\/pages\/376\/revisions"}],"predecessor-version":[{"id":405,"href":"http:\/\/www.walkersks.com\/index.php?rest_route=\/wp\/v2\/pages\/376\/revisions\/405"}],"wp:attachment":[{"href":"http:\/\/www.walkersks.com\/index.php?rest_route=%2Fwp%2Fv2%2Fmedia&parent=376"}],"curies":[{"name":"wp","href":"https:\/\/api.w.org\/{rel}","templated":true}]}}